{"id":1263,"date":"2013-10-01T20:55:00","date_gmt":"2013-10-01T18:55:00","guid":{"rendered":"http:\/\/www.portonclasico.com\/puertas-de-madera\/sin-categorizar\/innenturen-pals-205x76x4-hoja-70cm\/"},"modified":"2013-11-12T09:02:55","modified_gmt":"2013-11-12T09:02:55","slug":"innenturen-pals-205x76x4-hoja-70cm","status":"publish","type":"product","link":"https:\/\/www.portonclasico.com\/de\/puerta\/innenturen-pals-205x76x4-hoja-70cm\/","title":{"rendered":"Innent\u00fcren Pals 205x76x4  T\u00fcrblatt 70cm"},"content":{"rendered":"<p>Innent\u00fcren Pals insgesamt misst 205x76x4 cm, Eiche massiv mit echten geschmiedet.<\/p>\n<p>Messung des Blattes: 202x70x4<\/p>\n<p>Zaun Dicken erh\u00e4ltlich: 7cm, 9 cm und 11 cm.<\/p>\n<p>Die T\u00fcr kommt verpackt in einem Teil Spaniens, in Halbinsel kostenlos.<\/p>\n<p>Die T\u00fcr ordnungsgem\u00e4\u00df verpackt kann \u00fcberall in der Welt transportiert werden.<\/p>\n<p>Vermeiden, soweit m\u00f6glich, den direkten Kontakt mit dem Wasser und der Sonne. (Tipps zur Wartung)<\/p>\n","protected":false},"excerpt":{"rendered":"<p>&#8211; Eiche massiv.<\/p>\n<p>&#8211; Schmieden echt. (Siehe Videos)<\/p>\n<p>&#8211; Schrauben geschmiedet.<\/p>\n<p>&#8211; Farbe Wahl. (Siehe Farben)<\/p>\n<p>&#8211; Nationale Transport innerhalb Halbinsel kostenlos.<\/p>\n<p>&#8211; Optional rustikalen Finish (+12%). (Blick Finishes)<\/p><\/p>\n","protected":false},"featured_media":489,"template":"","meta":{"_mi_skip_tracking":false,"_exactmetrics_sitenote_active":false,"_exactmetrics_sitenote_note":"","_exactmetrics_sitenote_category":0,"_joinchat":[]},"product_cat":[26],"product_tag":[],"class_list":["post-1263","product","type-product","status-publish","has-post-thumbnail","hentry","product_cat-innenturen","product-grid-view"],"acf":[],"_links":{"self":[{"href":"https:\/\/www.portonclasico.com\/de\/wp-json\/wp\/v2\/product\/1263\/"}],"collection":[{"href":"https:\/\/www.portonclasico.com\/de\/wp-json\/wp\/v2\/product\/"}],"about":[{"href":"https:\/\/www.portonclasico.com\/de\/wp-json\/wp\/v2\/types\/product\/"}],"wp:featuredmedia":[{"embeddable":true,"href":"https:\/\/www.portonclasico.com\/de\/wp-json\/wp\/v2\/media\/489\/"}],"wp:attachment":[{"href":"https:\/\/www.portonclasico.com\/de\/wp-json\/wp\/v2\/media\/?parent=1263"}],"wp:term":[{"taxonomy":"product_cat","embeddable":true,"href":"https:\/\/www.portonclasico.com\/de\/wp-json\/wp\/v2\/product_cat\/?post=1263"},{"taxonomy":"product_tag","embeddable":true,"href":"https:\/\/www.portonclasico.com\/de\/wp-json\/wp\/v2\/product_tag\/?post=1263"}],"curies":[{"name":"wp","href":"https:\/\/api.w.org\/{rel}","templated":true}]}}