{"id":1485,"date":"2013-09-05T09:05:49","date_gmt":"2013-09-05T07:05:49","guid":{"rendered":"http:\/\/www.portonclasico.com\/puertas-de-madera\/sin-categorizar\/geschnitzten-rustikalen-tur-valencia-220x110x8\/"},"modified":"2019-01-18T11:02:02","modified_gmt":"2019-01-18T11:02:02","slug":"geschnitzten-rustikalen-tur-valencia-220x110x8","status":"publish","type":"product","link":"https:\/\/www.portonclasico.com\/de\/puerta\/geschnitzten-rustikalen-tur-valencia-220x110x8\/","title":{"rendered":"Geschnitzten rustikalen T\u00fcr Valencia 220x110x8"},"content":{"rendered":"<p>Geschnitzten rustikalen T\u00fcr Valencia 220x110x8 Ma\u00dfe in Zentimeter, massivem Eichenholz f\u00fcr den Au\u00dfeneinsatz mit authentischen Schmiede behandelt.<\/p>\n<p>Kann auch in anderen Gr\u00f6\u00dfen hergestellt werden, variiert die Farbe des Holzes und w\u00e4hlen Sie zwischen verschiedenen Hardware.<\/p>\n<p>Die T\u00fcr kommt verpackt in einem Teil Spaniens, in Halbinsel kostenlos.<\/p>\n<p>Die T\u00fcr ordnungsgem\u00e4\u00df verpackt kann \u00fcberall in der Welt transportiert werden.<\/p>\n<p>Vermeiden, soweit m\u00f6glich, den direkten Kontakt mit dem Wasser und der Sonne. (Tipps zur Wartung)<\/p>\n","protected":false},"excerpt":{"rendered":"<p>&#8211; Eiche massiv Holz f\u00fcr den Au\u00dfenbereich behandelt.<\/p>\n<p>&#8211; Schmieden echt. (Siehe Videos)<\/p>\n<p>&#8211; Schrauben geschmiedet.<\/p>\n<p>&#8211; TESA Sicherheitsschloss mit drei Schrauben.<\/p>\n<p>&#8211; F\u00fcnf Kopien TESA Sicherheitsschl\u00fcssel.<\/p>\n<p>&#8211; Board LEISTUNG W\u00e4rmed\u00e4mmung.<\/p>\n<p>&#8211; Farbe Wahl. (Siehe Farben)<\/p>\n<p>&#8211; Nationale Transport innerhalb Halbinsel kostenlos.<\/p>\n<p>&#8211; Blatt Dicken erh\u00e4ltlich: 8cm, 6cm und 4,5 cm<\/p>\n<p>&#8211; Entwurf optional automatisch.<\/p>\n<p>&#8211; Optional rustikalen Finish (+12%). (Blick Finishes)<\/p>\n","protected":false},"featured_media":2074,"template":"","meta":{"_mi_skip_tracking":false,"_exactmetrics_sitenote_active":false,"_exactmetrics_sitenote_note":"","_exactmetrics_sitenote_category":0,"_joinchat":[]},"product_cat":[30],"product_tag":[],"class_list":["post-1485","product","type-product","status-publish","has-post-thumbnail","hentry","product_cat-rustikalen-turen","product-grid-view"],"acf":[],"_links":{"self":[{"href":"https:\/\/www.portonclasico.com\/de\/wp-json\/wp\/v2\/product\/1485\/"}],"collection":[{"href":"https:\/\/www.portonclasico.com\/de\/wp-json\/wp\/v2\/product\/"}],"about":[{"href":"https:\/\/www.portonclasico.com\/de\/wp-json\/wp\/v2\/types\/product\/"}],"wp:featuredmedia":[{"embeddable":true,"href":"https:\/\/www.portonclasico.com\/de\/wp-json\/"}],"wp:attachment":[{"href":"https:\/\/www.portonclasico.com\/de\/wp-json\/wp\/v2\/media\/?parent=1485"}],"wp:term":[{"taxonomy":"product_cat","embeddable":true,"href":"https:\/\/www.portonclasico.com\/de\/wp-json\/wp\/v2\/product_cat\/?post=1485"},{"taxonomy":"product_tag","embeddable":true,"href":"https:\/\/www.portonclasico.com\/de\/wp-json\/wp\/v2\/product_tag\/?post=1485"}],"curies":[{"name":"wp","href":"https:\/\/api.w.org\/{rel}","templated":true}]}}