{"id":1499,"date":"2013-09-06T09:22:50","date_gmt":"2013-09-06T07:22:50","guid":{"rendered":"http:\/\/www.portonclasico.com\/puertas-de-madera\/sin-categorizar\/double-porte-interieure-guadamur-205x146x4\/"},"modified":"2019-03-06T13:03:02","modified_gmt":"2019-03-06T13:03:02","slug":"double-porte-interieure-guadamur-205x146x4","status":"publish","type":"product","link":"https:\/\/www.portonclasico.com\/fr\/puerta\/double-porte-interieure-guadamur-205x146x4\/","title":{"rendered":"Double porte int\u00e9rieure Guadamur 205x146x4"},"content":{"rendered":"<p>Porte int\u00e9rieure Guadamur, total mesure 205x146x4 cm, en ch\u00eane massif avec une v\u00e9ritable forg\u00e9.<\/p>\n<p>Mesure de la feuille: 202x70x4<\/p>\n<p>Cl\u00f4ture \u00e9paisseurs disponibles: 7cm, 9cm et 11 cm.<\/p>\n<p>La porte vient emball\u00e9 dans une partie de l&rsquo;Espagne, dans la p\u00e9ninsule libre.<\/p>\n<p>La porte bien emball\u00e9 peut \u00eatre transport\u00e9 n&rsquo;importe o\u00f9 dans le monde.<\/p>\n<p>Evitez, autant que possible, le contact direct avec l&rsquo;eau et le soleil. (Conseils d&rsquo;entretien)<\/p>\n","protected":false},"excerpt":{"rendered":"<p>&#8211; Bois de ch\u00eane massif.<\/p>\n<p>&#8211; Forger authentique. (Voir les vid\u00e9os)<\/p>\n<p>&#8211; Les vis forg\u00e9es.<\/p>\n<p>&#8211; Le choix de couleurs. (Voir les couleurs)<\/p>\n<p>&#8211; Le transport national dans la p\u00e9ninsule libre.<\/p>\n<p>&#8211; Finition rustique en option (+12%). (Afficher les finitions)<\/p>\n","protected":false},"featured_media":4698,"template":"","meta":{"_mi_skip_tracking":false,"_exactmetrics_sitenote_active":false,"_exactmetrics_sitenote_note":"","_exactmetrics_sitenote_category":0,"_joinchat":[]},"product_cat":[25],"product_tag":[],"class_list":["post-1499","product","type-product","status-publish","has-post-thumbnail","hentry","product_cat-portes-interieures","product-grid-view"],"acf":[],"_links":{"self":[{"href":"https:\/\/www.portonclasico.com\/fr\/wp-json\/wp\/v2\/product\/1499\/"}],"collection":[{"href":"https:\/\/www.portonclasico.com\/fr\/wp-json\/wp\/v2\/product\/"}],"about":[{"href":"https:\/\/www.portonclasico.com\/fr\/wp-json\/wp\/v2\/types\/product\/"}],"wp:featuredmedia":[{"embeddable":true,"href":"https:\/\/www.portonclasico.com\/fr\/wp-json\/wp\/v2\/media\/4698\/"}],"wp:attachment":[{"href":"https:\/\/www.portonclasico.com\/fr\/wp-json\/wp\/v2\/media\/?parent=1499"}],"wp:term":[{"taxonomy":"product_cat","embeddable":true,"href":"https:\/\/www.portonclasico.com\/fr\/wp-json\/wp\/v2\/product_cat\/?post=1499"},{"taxonomy":"product_tag","embeddable":true,"href":"https:\/\/www.portonclasico.com\/fr\/wp-json\/wp\/v2\/product_tag\/?post=1499"}],"curies":[{"name":"wp","href":"https:\/\/api.w.org\/{rel}","templated":true}]}}