{"id":1563,"date":"2013-09-05T08:30:56","date_gmt":"2013-09-05T06:30:56","guid":{"rendered":"http:\/\/www.portonclasico.com\/puertas-de-madera\/sin-categorizar\/porte-rustique-guadamur-220x135x8\/"},"modified":"2019-10-15T07:43:33","modified_gmt":"2019-10-15T07:43:33","slug":"porte-rustique-guadamur-220x135x8","status":"publish","type":"product","link":"https:\/\/www.portonclasico.com\/fr\/puerta\/porte-rustique-guadamur-220x135x8\/","title":{"rendered":"Porte rustique Guadamur 220x135x8"},"content":{"rendered":"<p>Porte rustique Guadamur 220x135x8 encombrement rustiques en centim\u00e8tres, bois de ch\u00eane massif trait\u00e9 pour l&rsquo;ext\u00e9rieur orn\u00e9 de forge authentique.<\/p>\n<p>Peuvent \u00eatre fabriqu\u00e9s dans d&rsquo;autres tailles, allant de la couleur du bois et de choisir entre diff\u00e9rents mat\u00e9riels.<\/p>\n<p>La porte vient emball\u00e9 dans une partie de l&rsquo;Espagne, dans la p\u00e9ninsule libre.<\/p>\n<p>La porte bien emball\u00e9 peut \u00eatre transport\u00e9 n&rsquo;importe o\u00f9 dans le monde.<\/p>\n<p>Evitez, autant que possible, le contact direct avec l&rsquo;eau et le soleil. (Conseils d&rsquo;entretien)<\/p>\n","protected":false},"excerpt":{"rendered":"<p>&#8211; Bois de ch\u00eane massif trait\u00e9 pour l&rsquo;ext\u00e9rieur.<\/p>\n<p>&#8211; Forger authentique. (Voir les vid\u00e9os)<\/p>\n<p>&#8211; Vis forg\u00e9es.<\/p>\n<p>&#8211; TESA serrure de s\u00e9curit\u00e9 avec trois boulons.<\/p>\n<p>&#8211; Cinq copies de la cl\u00e9 de s\u00e9curit\u00e9 TESA.<\/p>\n<p>&#8211; Conseil isolation thermique de l&rsquo;efficacit\u00e9.<\/p>\n<p>&#8211; Le choix de couleurs. (Voir les couleurs)<\/p>\n<p>&#8211; Le transport national dans la p\u00e9ninsule libre.<\/p>\n<p>&#8211; Fiche \u00e9paisseurs disponibles: 8cm, 6cm et 4,5 cm<\/p>\n<p>&#8211; Projet automatique en option.<\/p>\n<p>&#8211; Finition rustique en option (+12%). (Afficher les finitions)<\/p>\n","protected":false},"featured_media":5680,"template":"","meta":{"_mi_skip_tracking":false,"_exactmetrics_sitenote_active":false,"_exactmetrics_sitenote_note":"","_exactmetrics_sitenote_category":0,"_joinchat":[]},"product_cat":[33],"product_tag":[],"class_list":["post-1563","product","type-product","status-publish","has-post-thumbnail","hentry","product_cat-portes-rustiques","product-grid-view"],"acf":[],"_links":{"self":[{"href":"https:\/\/www.portonclasico.com\/fr\/wp-json\/wp\/v2\/product\/1563\/"}],"collection":[{"href":"https:\/\/www.portonclasico.com\/fr\/wp-json\/wp\/v2\/product\/"}],"about":[{"href":"https:\/\/www.portonclasico.com\/fr\/wp-json\/wp\/v2\/types\/product\/"}],"wp:featuredmedia":[{"embeddable":true,"href":"https:\/\/www.portonclasico.com\/fr\/wp-json\/wp\/v2\/media\/5680\/"}],"wp:attachment":[{"href":"https:\/\/www.portonclasico.com\/fr\/wp-json\/wp\/v2\/media\/?parent=1563"}],"wp:term":[{"taxonomy":"product_cat","embeddable":true,"href":"https:\/\/www.portonclasico.com\/fr\/wp-json\/wp\/v2\/product_cat\/?post=1563"},{"taxonomy":"product_tag","embeddable":true,"href":"https:\/\/www.portonclasico.com\/fr\/wp-json\/wp\/v2\/product_tag\/?post=1563"}],"curies":[{"name":"wp","href":"https:\/\/api.w.org\/{rel}","templated":true}]}}