{"id":1543,"date":"2013-09-05T08:56:03","date_gmt":"2013-09-05T06:56:03","guid":{"rendered":"http:\/\/www.portonclasico.com\/puertas-de-madera\/sin-categorizar\/porta-rustica-granada-220x175x8\/"},"modified":"2019-01-18T08:15:09","modified_gmt":"2019-01-18T08:15:09","slug":"porta-rustica-granada-220x175x8","status":"publish","type":"product","link":"https:\/\/www.portonclasico.com\/pt-pt\/puerta\/porta-rustica-granada-220x175x8\/","title":{"rendered":"Porta r\u00fastica Granada 220x175x8"},"content":{"rendered":"<p>Porta r\u00fastica Guadamur 220x175x8 dimens\u00f5es globais em cent\u00edmetros, madeira de carvalho maci\u00e7o tratados para uso ao ar livre com uma aut\u00eantica forja.<\/p>\n<p>Pode ser fabricado em outros tamanhos, variando a cor da madeira e escolher entre hardware diferente.<\/p>\n<p>A porta vem embalado em qualquer parte de Espanha, a pen\u00ednsula livre.<\/p>\n<p>A porta pode ser convenientemente embalados, transportados em qualquer parte do mundo.<\/p>\n<p>Evitar, tanto quanto poss\u00edvel, o contacto directo com a \u00e1gua e do sol. (Dicas de Manuten\u00e7\u00e3o)<\/p>\n","protected":false},"excerpt":{"rendered":"<p>&#8211; Madeira de carvalho s\u00f3lidos tratados para uso ao ar livre.<\/p>\n<p>&#8211; Forjar genu\u00edno. (Veja os v\u00eddeos)<\/p>\n<p>&#8211; Parafusos forjados.<\/p>\n<p>&#8211; TESA trava de seguran\u00e7a com tr\u00eas parafusos.<\/p>\n<p>&#8211; Cinco c\u00f3pias de chave de seguran\u00e7a TESA.<\/p>\n<p>&#8211; Conselho EFICI\u00caNCIA isolamento t\u00e9rmico.<\/p>\n<p>&#8211; A escolha da cor. (Ver cores)<\/p>\n<p>&#8211; Transporte Nacional dentro pen\u00ednsula livre.<\/p>\n<p>&#8211; Folha de espessuras dispon\u00edveis: 8cm, 6 cm e 4,5 cm.<\/p>\n<p>&#8211; Projecto opcional autom\u00e1tico.<\/p>\n<p>&#8211; Acabamento r\u00fastico Opcional (+12%). (Visualiza\u00e7\u00e3o de Acabamentos)<\/p>\n","protected":false},"featured_media":2105,"template":"","meta":{"_mi_skip_tracking":false,"_exactmetrics_sitenote_active":false,"_exactmetrics_sitenote_note":"","_exactmetrics_sitenote_category":0,"_joinchat":[]},"product_cat":[32],"product_tag":[],"class_list":["post-1543","product","type-product","status-publish","has-post-thumbnail","hentry","product_cat-portas-rusticas","product-grid-view"],"acf":[],"_links":{"self":[{"href":"https:\/\/www.portonclasico.com\/pt-pt\/wp-json\/wp\/v2\/product\/1543\/"}],"collection":[{"href":"https:\/\/www.portonclasico.com\/pt-pt\/wp-json\/wp\/v2\/product\/"}],"about":[{"href":"https:\/\/www.portonclasico.com\/pt-pt\/wp-json\/wp\/v2\/types\/product\/"}],"wp:featuredmedia":[{"embeddable":true,"href":"https:\/\/www.portonclasico.com\/pt-pt\/wp-json\/"}],"wp:attachment":[{"href":"https:\/\/www.portonclasico.com\/pt-pt\/wp-json\/wp\/v2\/media\/?parent=1543"}],"wp:term":[{"taxonomy":"product_cat","embeddable":true,"href":"https:\/\/www.portonclasico.com\/pt-pt\/wp-json\/wp\/v2\/product_cat\/?post=1543"},{"taxonomy":"product_tag","embeddable":true,"href":"https:\/\/www.portonclasico.com\/pt-pt\/wp-json\/wp\/v2\/product_tag\/?post=1543"}],"curies":[{"name":"wp","href":"https:\/\/api.w.org\/{rel}","templated":true}]}}