{"id":1573,"date":"2013-09-06T08:04:58","date_gmt":"2013-09-06T06:04:58","guid":{"rendered":"http:\/\/www.portonclasico.com\/puertas-de-madera\/sin-categorizar\/portao-zarauz-250x200x8\/"},"modified":"2019-02-05T11:36:29","modified_gmt":"2019-02-05T11:36:29","slug":"portao-zarauz-250x200x8","status":"publish","type":"product","link":"https:\/\/www.portonclasico.com\/pt-pt\/puerta\/portao-zarauz-250x200x8\/","title":{"rendered":"Port\u00e3o Zarauz 250x200x8"},"content":{"rendered":"<p>Port\u00e3o Zarauz com duas folhas, 250x200x8 gabarito em cent\u00edmetros, de madeira de carvalho maci\u00e7o tratada para o exterior enfeitada com uma aut\u00eantica forja.<\/p>\n<p>Pode ser fabricado em outros tamanhos, variando a cor da madeira e escolher entre hardware diferente.<\/p>\n<p>A porta vem embalado em qualquer parte de Espanha, a pen\u00ednsula livre.<\/p>\n<p>A porta pode ser convenientemente embalados, transportados em qualquer parte do mundo.<\/p>\n<p>Evitar, tanto quanto poss\u00edvel, o contacto directo com a \u00e1gua e do sol. (Dicas de Manuten\u00e7\u00e3o)<\/p>\n","protected":false},"excerpt":{"rendered":"<p><strong>Port\u00e3o Zarauz<\/strong><\/p>\n<p>&#8211; Madeira de carvalho s\u00f3lidos tratados para uso ao ar livre.<\/p>\n<p>&#8211; Forjar genu\u00edno. (Veja os v\u00eddeos)<\/p>\n<p>&#8211; Parafusos forjados.<\/p>\n<p>&#8211; TESA trava de seguran\u00e7a com tr\u00eas parafusos.<\/p>\n<p>&#8211; Cinco c\u00f3pias de chave de seguran\u00e7a TESA.<\/p>\n<p>&#8211; A escolha da cor. (Ver cores)<\/p>\n<p>&#8211; Transporte Nacional dentro pen\u00ednsula livre.<\/p>\n<p>&#8211; Folha de espessuras dispon\u00edveis: 8cm e 6 cm.<\/p>\n<p>&#8211; Acabamento r\u00fastico Opcional (+12%).<br \/>\n(Visualiza\u00e7\u00e3o de Acabamentos)<\/p>\n","protected":false},"featured_media":4531,"template":"","meta":{"_mi_skip_tracking":false,"_exactmetrics_sitenote_active":false,"_exactmetrics_sitenote_note":"","_exactmetrics_sitenote_category":0,"_joinchat":[]},"product_cat":[34],"product_tag":[],"class_list":["post-1573","product","type-product","status-publish","has-post-thumbnail","hentry","product_cat-portas-classicos","product-grid-view"],"acf":[],"_links":{"self":[{"href":"https:\/\/www.portonclasico.com\/pt-pt\/wp-json\/wp\/v2\/product\/1573\/"}],"collection":[{"href":"https:\/\/www.portonclasico.com\/pt-pt\/wp-json\/wp\/v2\/product\/"}],"about":[{"href":"https:\/\/www.portonclasico.com\/pt-pt\/wp-json\/wp\/v2\/types\/product\/"}],"wp:featuredmedia":[{"embeddable":true,"href":"https:\/\/www.portonclasico.com\/pt-pt\/wp-json\/wp\/v2\/media\/4531\/"}],"wp:attachment":[{"href":"https:\/\/www.portonclasico.com\/pt-pt\/wp-json\/wp\/v2\/media\/?parent=1573"}],"wp:term":[{"taxonomy":"product_cat","embeddable":true,"href":"https:\/\/www.portonclasico.com\/pt-pt\/wp-json\/wp\/v2\/product_cat\/?post=1573"},{"taxonomy":"product_tag","embeddable":true,"href":"https:\/\/www.portonclasico.com\/pt-pt\/wp-json\/wp\/v2\/product_tag\/?post=1573"}],"curies":[{"name":"wp","href":"https:\/\/api.w.org\/{rel}","templated":true}]}}