{"id":1583,"date":"2013-09-06T09:20:14","date_gmt":"2013-09-06T07:20:14","guid":{"rendered":"http:\/\/www.portonclasico.com\/puertas-de-madera\/sin-categorizar\/porta-interior-guadamur-205x76x4\/"},"modified":"2019-02-05T09:07:31","modified_gmt":"2019-02-05T09:07:31","slug":"porta-interior-guadamur-205x76x4","status":"publish","type":"product","link":"https:\/\/www.portonclasico.com\/pt-pt\/puerta\/porta-interior-guadamur-205x76x4\/","title":{"rendered":"Porta interior Guadamur 205x76x4 Folha 70cm"},"content":{"rendered":"<p>Porta interior Guadamur, totais mede 205x76x4 cm, de carvalho maci\u00e7o com genu\u00edna forjado.<\/p>\n<p>Medida da folha: 202x70x4<\/p>\n<p>Cerca espessuras dispon\u00edveis: 7cm, 9cm e 11 cm.<\/p>\n<p>A porta vem embalado em qualquer parte de Espanha, a pen\u00ednsula livre.<\/p>\n<p>A porta de entrega devidamente embalados em qualquer parte do mundo.<\/p>\n<p>Evitar, tanto quanto poss\u00edvel, o contacto directo com a \u00e1gua e do sol. (Dicas de Manuten\u00e7\u00e3o)<\/p>\n","protected":false},"excerpt":{"rendered":"<p>&#8211; Madeira de carvalho maci\u00e7o.<\/p>\n<p>&#8211; Forjar genu\u00edno. (Veja os v\u00eddeos)<\/p>\n<p>&#8211; Parafusos forjados.<\/p>\n<p>&#8211; A escolha da cor. (Ver cores)<\/p>\n<p>&#8211; Transporte Nacional dentro pen\u00ednsula livre.<\/p>\n<p>&#8211; Acabamento r\u00fastico Opcional (+12%). (Visualiza\u00e7\u00e3o de Acabamentos)<\/p>\n","protected":false},"featured_media":2032,"template":"","meta":{"_mi_skip_tracking":false,"_exactmetrics_sitenote_active":false,"_exactmetrics_sitenote_note":"","_exactmetrics_sitenote_category":0,"_joinchat":[]},"product_cat":[27],"product_tag":[],"class_list":["post-1583","product","type-product","status-publish","has-post-thumbnail","hentry","product_cat-portas-interiores","product-grid-view"],"acf":[],"_links":{"self":[{"href":"https:\/\/www.portonclasico.com\/pt-pt\/wp-json\/wp\/v2\/product\/1583\/"}],"collection":[{"href":"https:\/\/www.portonclasico.com\/pt-pt\/wp-json\/wp\/v2\/product\/"}],"about":[{"href":"https:\/\/www.portonclasico.com\/pt-pt\/wp-json\/wp\/v2\/types\/product\/"}],"wp:featuredmedia":[{"embeddable":true,"href":"https:\/\/www.portonclasico.com\/pt-pt\/wp-json\/"}],"wp:attachment":[{"href":"https:\/\/www.portonclasico.com\/pt-pt\/wp-json\/wp\/v2\/media\/?parent=1583"}],"wp:term":[{"taxonomy":"product_cat","embeddable":true,"href":"https:\/\/www.portonclasico.com\/pt-pt\/wp-json\/wp\/v2\/product_cat\/?post=1583"},{"taxonomy":"product_tag","embeddable":true,"href":"https:\/\/www.portonclasico.com\/pt-pt\/wp-json\/wp\/v2\/product_tag\/?post=1583"}],"curies":[{"name":"wp","href":"https:\/\/api.w.org\/{rel}","templated":true}]}}